{"id":1138,"date":"2024-08-07T11:23:57","date_gmt":"2024-08-07T10:23:57","guid":{"rendered":"https:\/\/surfrowing.be\/initiations-aviron-septembre-2024\/"},"modified":"2025-04-30T13:42:08","modified_gmt":"2025-04-30T12:42:08","slug":"initiations-aviron-septembre-2024","status":"publish","type":"page","link":"https:\/\/surfrowing.be\/fr\/initiations-aviron-septembre-2024\/","title":{"rendered":"Initiations Aviron 2025"},"content":{"rendered":"\t\t<div data-elementor-type=\"wp-page\" data-elementor-id=\"1138\" class=\"elementor elementor-1138 elementor-1042\" data-elementor-post-type=\"page\">\n\t\t\t\t<div class=\"elementor-element elementor-element-8d55f91 e-flex e-con-boxed e-con e-parent\" data-id=\"8d55f91\" data-element_type=\"container\" data-e-type=\"container\">\n\t\t\t\t\t<div class=\"e-con-inner\">\n\t\t\t\t<div class=\"elementor-element elementor-element-97eff9c elementor-widget__width-initial elementor-widget-tablet__width-initial elementor-widget-mobile__width-initial elementor-widget elementor-widget-heading\" data-id=\"97eff9c\" data-element_type=\"widget\" data-e-type=\"widget\" data-widget_type=\"heading.default\">\n\t\t\t\t<div class=\"elementor-widget-container\">\n\t\t\t\t\t<h1 class=\"elementor-heading-title elementor-size-default\">Initiations Aviron en 2025<\/h1>\t\t\t\t<\/div>\n\t\t\t\t<\/div>\n\t\t\t\t\t<\/div>\n\t\t\t\t<\/div>\n\t\t<div class=\"elementor-element elementor-element-dc40f7e e-flex e-con-boxed e-con e-parent\" data-id=\"dc40f7e\" data-element_type=\"container\" data-e-type=\"container\">\n\t\t\t\t\t<div class=\"e-con-inner\">\n\t\t\t\t<div class=\"elementor-element elementor-element-dc3690b elementor-widget__width-initial elementor-widget-tablet__width-initial elementor-widget-mobile__width-initial elementor-button-align-stretch elementor-widget elementor-widget-form\" data-id=\"dc3690b\" data-element_type=\"widget\" data-e-type=\"widget\" data-settings=\"{&quot;step_next_label&quot;:&quot;Suivant&quot;,&quot;step_previous_label&quot;:&quot;Pr\\u00e9c\\u00e9dent&quot;,&quot;button_width&quot;:&quot;100&quot;,&quot;step_type&quot;:&quot;number_text&quot;,&quot;step_icon_shape&quot;:&quot;circle&quot;}\" data-widget_type=\"form.default\">\n\t\t\t\t<div class=\"elementor-widget-container\">\n\t\t\t\t\t\t\t<form class=\"elementor-form\" method=\"post\" name=\"Motivation\" aria-label=\"Motivation\">\n\t\t\t<input type=\"hidden\" name=\"post_id\" value=\"1138\"\/>\n\t\t\t<input type=\"hidden\" name=\"form_id\" value=\"dc3690b\"\/>\n\t\t\t<input type=\"hidden\" name=\"referer_title\" value=\"Initiations Aviron 2025 - Akhenaton | Initiations Aviron en 2025 16+\" \/>\n\n\t\t\t\t\t\t\t<input type=\"hidden\" name=\"queried_id\" value=\"1138\"\/>\n\t\t\t\n\t\t\t<div class=\"elementor-form-fields-wrapper elementor-labels-above\">\n\t\t\t\t\t\t\t\t<div class=\"elementor-field-type-radio elementor-field-group elementor-column elementor-field-group-field_8489388 elementor-col-100 elementor-field-required\">\n\t\t\t\t\t\t\t\t\t\t\t\t<label for=\"form-field-field_8489388\" class=\"elementor-field-label\">\n\t\t\t\t\t\t\t\tA quelle date et quel heure voulez-vous venir ? Saisis ta chance l\u00e0 maintenant\t\t\t\t\t\t\t<\/label>\n\t\t\t\t\t\t<div class=\"elementor-field-subgroup  \"><span class=\"elementor-field-option\"><input type=\"radio\" value=\"31 \/ 05 \/ 2025 a 10:00\" id=\"form-field-field_8489388-0\" name=\"form_fields[field_8489388]\" required=\"required\"> <label for=\"form-field-field_8489388-0\">31 \/ 05 \/ 2025 a 10:00<\/label><\/span><span class=\"elementor-field-option\"><input type=\"radio\" value=\"31 \/ 05 \/ 2025 a 14:00\" id=\"form-field-field_8489388-1\" name=\"form_fields[field_8489388]\" required=\"required\"> <label for=\"form-field-field_8489388-1\">31 \/ 05 \/ 2025 a 14:00<\/label><\/span><span class=\"elementor-field-option\"><input type=\"radio\" value=\"01 \/ 06 \/ 2025 a 10:00\" id=\"form-field-field_8489388-2\" name=\"form_fields[field_8489388]\" required=\"required\"> <label for=\"form-field-field_8489388-2\">01 \/ 06 \/ 2025 a 10:00<\/label><\/span><span class=\"elementor-field-option\"><input type=\"radio\" value=\"01 \/ 06 \/ 2025 a 14:00\" id=\"form-field-field_8489388-3\" name=\"form_fields[field_8489388]\" required=\"required\"> <label for=\"form-field-field_8489388-3\">01 \/ 06 \/ 2025 a 14:00<\/label><\/span><\/div>\t\t\t\t<\/div>\n\t\t\t\t\t\t\t\t<div class=\"elementor-field-type-text elementor-field-group elementor-column elementor-field-group-name elementor-col-100 elementor-field-required\">\n\t\t\t\t\t\t\t\t\t\t\t\t<label for=\"form-field-name\" class=\"elementor-field-label\">\n\t\t\t\t\t\t\t\tNom complet\t\t\t\t\t\t\t<\/label>\n\t\t\t\t\t\t\t\t\t\t\t\t\t\t<input size=\"1\" type=\"text\" name=\"form_fields[name]\" id=\"form-field-name\" class=\"elementor-field elementor-size-sm  elementor-field-textual\" placeholder=\"Nom complet\" required=\"required\">\n\t\t\t\t\t\t\t\t\t\t\t<\/div>\n\t\t\t\t\t\t\t\t<div class=\"elementor-field-type-text elementor-field-group elementor-column elementor-field-group-field_62c5760 elementor-col-100 elementor-field-required\">\n\t\t\t\t\t\t\t\t\t\t\t\t<label for=\"form-field-field_62c5760\" class=\"elementor-field-label\">\n\t\t\t\t\t\t\t\tAge\t\t\t\t\t\t\t<\/label>\n\t\t\t\t\t\t\t\t\t\t\t\t\t\t<input size=\"1\" type=\"text\" name=\"form_fields[field_62c5760]\" id=\"form-field-field_62c5760\" class=\"elementor-field elementor-size-sm  elementor-field-textual\" placeholder=\"Age\" required=\"required\">\n\t\t\t\t\t\t\t\t\t\t\t<\/div>\n\t\t\t\t\t\t\t\t<div class=\"elementor-field-type-email elementor-field-group elementor-column elementor-field-group-email elementor-col-100 elementor-field-required\">\n\t\t\t\t\t\t\t\t\t\t\t\t<label for=\"form-field-email\" class=\"elementor-field-label\">\n\t\t\t\t\t\t\t\tCourriel :\t\t\t\t\t\t\t<\/label>\n\t\t\t\t\t\t\t\t\t\t\t\t\t\t<input size=\"1\" type=\"email\" name=\"form_fields[email]\" id=\"form-field-email\" class=\"elementor-field elementor-size-sm  elementor-field-textual\" placeholder=\"Courriel :\" required=\"required\">\n\t\t\t\t\t\t\t\t\t\t\t<\/div>\n\t\t\t\t\t\t\t\t<div class=\"elementor-field-type-textarea elementor-field-group elementor-column elementor-field-group-message elementor-col-100 elementor-field-required\">\n\t\t\t\t\t\t\t\t\t\t\t\t<label for=\"form-field-message\" class=\"elementor-field-label\">\n\t\t\t\t\t\t\t\tAdresse (rue et nr)\t\t\t\t\t\t\t<\/label>\n\t\t\t\t\t\t<textarea class=\"elementor-field-textual elementor-field  elementor-size-sm\" name=\"form_fields[message]\" id=\"form-field-message\" rows=\"4\" placeholder=\"Adresse\" required=\"required\"><\/textarea>\t\t\t\t<\/div>\n\t\t\t\t\t\t\t\t<div class=\"elementor-field-type-textarea elementor-field-group elementor-column elementor-field-group-field_b57cd03 elementor-col-100 elementor-field-required\">\n\t\t\t\t\t\t\t\t\t\t\t\t<label for=\"form-field-field_b57cd03\" class=\"elementor-field-label\">\n\t\t\t\t\t\t\t\tVille\t\t\t\t\t\t\t<\/label>\n\t\t\t\t\t\t<textarea class=\"elementor-field-textual elementor-field  elementor-size-sm\" name=\"form_fields[field_b57cd03]\" id=\"form-field-field_b57cd03\" rows=\"4\" placeholder=\"Pays\" required=\"required\"><\/textarea>\t\t\t\t<\/div>\n\t\t\t\t\t\t\t\t<div class=\"elementor-field-type-tel elementor-field-group elementor-column elementor-field-group-field_f495874 elementor-col-100 elementor-field-required\">\n\t\t\t\t\t\t\t\t\t\t\t\t<label for=\"form-field-field_f495874\" class=\"elementor-field-label\">\n\t\t\t\t\t\t\t\tTel Nr\t\t\t\t\t\t\t<\/label>\n\t\t\t\t\t\t\t\t<input size=\"1\" type=\"tel\" name=\"form_fields[field_f495874]\" id=\"form-field-field_f495874\" class=\"elementor-field elementor-size-sm  elementor-field-textual\" placeholder=\"Tel Nr\" required=\"required\" pattern=\"[0-9()#&amp;+*-=.]+\" title=\"Seuls les caract\u00e8res de num\u00e9ros de t\u00e9l\u00e9phone (#, -, *, etc.) sont accept\u00e9s.\">\n\n\t\t\t\t\t\t<\/div>\n\t\t\t\t\t\t\t\t<div class=\"elementor-field-type-radio elementor-field-group elementor-column elementor-field-group-field_0b7e5d9 elementor-col-100 elementor-field-required\">\n\t\t\t\t\t\t\t\t\t\t\t\t<label for=\"form-field-field_0b7e5d9\" class=\"elementor-field-label\">\n\t\t\t\t\t\t\t\tPratique sportive\t\t\t\t\t\t\t<\/label>\n\t\t\t\t\t\t<div class=\"elementor-field-subgroup  \"><span class=\"elementor-field-option\"><input type=\"radio\" value=\"Aucune (il est temps de m&#039;y mettre) \" id=\"form-field-field_0b7e5d9-0\" name=\"form_fields[field_0b7e5d9]\" required=\"required\"> <label for=\"form-field-field_0b7e5d9-0\">Aucune (il est temps de m'y mettre) <\/label><\/span><span class=\"elementor-field-option\"><input type=\"radio\" value=\"De temps en temps\" id=\"form-field-field_0b7e5d9-1\" name=\"form_fields[field_0b7e5d9]\" required=\"required\"> <label for=\"form-field-field_0b7e5d9-1\">De temps en temps<\/label><\/span><span class=\"elementor-field-option\"><input type=\"radio\" value=\"Une fois par semaine\" id=\"form-field-field_0b7e5d9-2\" name=\"form_fields[field_0b7e5d9]\" required=\"required\"> <label for=\"form-field-field_0b7e5d9-2\">Une fois par semaine<\/label><\/span><span class=\"elementor-field-option\"><input type=\"radio\" value=\"Plus d&#039;une fois par semaine \" id=\"form-field-field_0b7e5d9-3\" name=\"form_fields[field_0b7e5d9]\" required=\"required\"> <label for=\"form-field-field_0b7e5d9-3\">Plus d'une fois par semaine <\/label><\/span><span class=\"elementor-field-option\"><input type=\"radio\" value=\"Sport addict\" id=\"form-field-field_0b7e5d9-4\" name=\"form_fields[field_0b7e5d9]\" required=\"required\"> <label for=\"form-field-field_0b7e5d9-4\">Sport addict<\/label><\/span><\/div>\t\t\t\t<\/div>\n\t\t\t\t\t\t\t\t<div class=\"elementor-field-type-text elementor-field-group elementor-column elementor-field-group-field_4e9c117 elementor-col-100\">\n\t\t\t\t\t\t\t\t\t\t\t\t<label for=\"form-field-field_4e9c117\" class=\"elementor-field-label\">\n\t\t\t\t\t\t\t\tMotivation\t\t\t\t\t\t\t<\/label>\n\t\t\t\t\t\t\t\t\t\t\t\t\t\t<input size=\"1\" type=\"text\" name=\"form_fields[field_4e9c117]\" id=\"form-field-field_4e9c117\" class=\"elementor-field elementor-size-sm  elementor-field-textual\" placeholder=\"Motivation?\">\n\t\t\t\t\t\t\t\t\t\t\t<\/div>\n\t\t\t\t\t\t\t\t<div class=\"elementor-field-group elementor-column elementor-field-type-submit elementor-col-100 e-form__buttons\">\n\t\t\t\t\t<button class=\"elementor-button elementor-size-sm\" type=\"submit\">\n\t\t\t\t\t\t<span class=\"elementor-button-content-wrapper\">\n\t\t\t\t\t\t\t\t\t\t\t\t\t\t\t\t\t\t\t\t\t\t<span class=\"elementor-button-text\">envoy\u00e9<\/span>\n\t\t\t\t\t\t\t\t\t\t\t\t\t<\/span>\n\t\t\t\t\t<\/button>\n\t\t\t\t<\/div>\n\t\t\t<\/div>\n\t\t<\/form>\n\t\t\t\t\t\t<\/div>\n\t\t\t\t<\/div>\n\t\t\t\t\t<\/div>\n\t\t\t\t<\/div>\n\t\t<div class=\"elementor-element elementor-element-d0ddc38 e-flex e-con-boxed e-con e-parent\" data-id=\"d0ddc38\" data-element_type=\"container\" data-e-type=\"container\">\n\t\t\t\t\t<div class=\"e-con-inner\">\n\t\t\t\t\t<\/div>\n\t\t\t\t<\/div>\n\t\t\t\t<\/div>\n\t\t","protected":false},"excerpt":{"rendered":"<p>Initiations Aviron en 2025<\/p>\n","protected":false},"author":1,"featured_media":0,"parent":0,"menu_order":0,"comment_status":"closed","ping_status":"closed","template":"elementor_header_footer","meta":{"footnotes":""},"class_list":["post-1138","page","type-page","status-publish","hentry"],"_links":{"self":[{"href":"https:\/\/surfrowing.be\/fr\/wp-json\/wp\/v2\/pages\/1138","targetHints":{"allow":["GET"]}}],"collection":[{"href":"https:\/\/surfrowing.be\/fr\/wp-json\/wp\/v2\/pages"}],"about":[{"href":"https:\/\/surfrowing.be\/fr\/wp-json\/wp\/v2\/types\/page"}],"author":[{"embeddable":true,"href":"https:\/\/surfrowing.be\/fr\/wp-json\/wp\/v2\/users\/1"}],"replies":[{"embeddable":true,"href":"https:\/\/surfrowing.be\/fr\/wp-json\/wp\/v2\/comments?post=1138"}],"version-history":[{"count":6,"href":"https:\/\/surfrowing.be\/fr\/wp-json\/wp\/v2\/pages\/1138\/revisions"}],"predecessor-version":[{"id":1261,"href":"https:\/\/surfrowing.be\/fr\/wp-json\/wp\/v2\/pages\/1138\/revisions\/1261"}],"wp:attachment":[{"href":"https:\/\/surfrowing.be\/fr\/wp-json\/wp\/v2\/media?parent=1138"}],"curies":[{"name":"wp","href":"https:\/\/api.w.org\/{rel}","templated":true}]}}