{"id":406,"date":"2023-12-10T17:38:47","date_gmt":"2023-12-10T16:38:47","guid":{"rendered":"https:\/\/surfrowing.be\/nous-contacter\/"},"modified":"2024-09-03T09:30:37","modified_gmt":"2024-09-03T08:30:37","slug":"nous-contacter","status":"publish","type":"page","link":"https:\/\/surfrowing.be\/fr\/nous-contacter\/","title":{"rendered":"Nous contacter"},"content":{"rendered":"\t\t<div data-elementor-type=\"wp-page\" data-elementor-id=\"406\" class=\"elementor elementor-406 elementor-41\" data-elementor-post-type=\"page\">\n\t\t\t\t<div class=\"elementor-element elementor-element-7492ffb e-flex e-con-boxed e-con e-parent\" data-id=\"7492ffb\" data-element_type=\"container\" data-e-type=\"container\">\n\t\t\t\t\t<div class=\"e-con-inner\">\n\t\t<div class=\"elementor-element elementor-element-0f7bd44 e-con-full e-flex e-con e-child\" data-id=\"0f7bd44\" data-element_type=\"container\" data-e-type=\"container\">\n\t\t\t\t<div class=\"elementor-element elementor-element-29d6baf8 elementor-widget elementor-widget-heading\" data-id=\"29d6baf8\" data-element_type=\"widget\" data-e-type=\"widget\" data-widget_type=\"heading.default\">\n\t\t\t\t<div class=\"elementor-widget-container\">\n\t\t\t\t\t<h1 class=\"elementor-heading-title elementor-size-default\">nous contacter<\/h1>\t\t\t\t<\/div>\n\t\t\t\t<\/div>\n\t\t\t\t<div class=\"elementor-element elementor-element-100600d9 elementor-widget elementor-widget-text-editor\" data-id=\"100600d9\" data-element_type=\"widget\" data-e-type=\"widget\" data-widget_type=\"text-editor.default\">\n\t\t\t\t<div class=\"elementor-widget-container\">\n\t\t\t\t\t\t\t\t\t<p>L&rsquo;aviron est notre passion. Nous sommes donc toujours pr\u00eats \u00e0 vous conseiller et \u00e0 vous faire participer \u00e0 toutes nos activit\u00e9s.<\/p>\n\t\t\t\t\t\t\t\t<\/div>\n\t\t\t\t<\/div>\n\t\t\t\t<\/div>\n\t\t<div class=\"elementor-element elementor-element-83dba1f e-con-full e-flex e-con e-child\" data-id=\"83dba1f\" data-element_type=\"container\" data-e-type=\"container\">\n\t\t\t\t<div class=\"elementor-element elementor-element-74b8da3 elementor-widget elementor-widget-text-editor\" data-id=\"74b8da3\" data-element_type=\"widget\" data-e-type=\"widget\" data-widget_type=\"text-editor.default\">\n\t\t\t\t<div class=\"elementor-widget-container\">\n\t\t\t\t\t\t\t\t\t<p><strong>L&rsquo;aviron est pour tous<br \/>mais !!<br \/>&#8230; Vous avez entre 18 et 33 ans et voulez participer \u00e0 <\/strong><strong><img decoding=\"async\" class=\" wp-image-1057 alignright\" src=\"https:\/\/surfrowing.be\/wp-content\/uploads\/2024\/08\/e2f78768-88e6-4bb8-b048-ef6998cd770d-300x300.jpeg\" alt=\"initiation \u00e0 l'aviron 2024\" width=\"217\" height=\"217\" srcset=\"https:\/\/surfrowing.be\/wp-content\/uploads\/2024\/08\/e2f78768-88e6-4bb8-b048-ef6998cd770d-300x300.jpeg 300w, https:\/\/surfrowing.be\/wp-content\/uploads\/2024\/08\/e2f78768-88e6-4bb8-b048-ef6998cd770d-150x150.jpeg 150w, https:\/\/surfrowing.be\/wp-content\/uploads\/2024\/08\/e2f78768-88e6-4bb8-b048-ef6998cd770d.jpeg 450w\" sizes=\"(max-width: 217px) 100vw, 217px\" \/><\/strong><strong> une aventure hors du commun &#8230; notre projet \u00ab\u00a0Henley Royal Regatta\u00a0\u00bb pour ramer dans un 4 ou un 8 en 2025 ?<\/strong><\/p><p><strong>Venez vous inscrire \u00e0 notre premi\u00e8re journ\u00e9e sp\u00e9ciale initiation HRR :<\/strong><\/p><p><strong>en septembre 2024<\/strong><\/p><p><blockquote class=\"wp-embedded-content\" data-secret=\"T7zktVAMGU\"><a href=\"https:\/\/surfrowing.be\/18-35\/\">Initiations Rowing 31\/08 &#8211; 01\/09 2024<\/a><\/blockquote><iframe class=\"wp-embedded-content\" sandbox=\"allow-scripts\" security=\"restricted\" style=\"position: absolute; visibility: hidden;\" title=\"\u00ab\u00a0Initiations Rowing 31\/08 &#8211; 01\/09 2024\u00a0\u00bb &#8212; Akhenaton\" src=\"https:\/\/surfrowing.be\/18-35\/embed\/#?secret=NPFTRfMaPR#?secret=T7zktVAMGU\" data-secret=\"T7zktVAMGU\" width=\"600\" height=\"338\" frameborder=\"0\" marginwidth=\"0\" marginheight=\"0\" scrolling=\"no\"><\/iframe><\/p>\t\t\t\t\t\t\t\t<\/div>\n\t\t\t\t<\/div>\n\t\t\t\t<\/div>\n\t\t\t\t\t<\/div>\n\t\t\t\t<\/div>\n\t\t<div class=\"elementor-element elementor-element-38399d0a e-con-full e-flex e-con e-parent\" data-id=\"38399d0a\" data-element_type=\"container\" data-e-type=\"container\">\n\t\t<div class=\"elementor-element elementor-element-6e4509ce e-con-full e-flex e-con e-child\" data-id=\"6e4509ce\" data-element_type=\"container\" data-e-type=\"container\">\n\t\t\t\t<div class=\"elementor-element elementor-element-4bbb8fa0 elementor-widget elementor-widget-heading\" data-id=\"4bbb8fa0\" data-element_type=\"widget\" data-e-type=\"widget\" data-widget_type=\"heading.default\">\n\t\t\t\t<div class=\"elementor-widget-container\">\n\t\t\t\t\t<h2 class=\"elementor-heading-title elementor-size-default\">Formulaire de demande de renseignements<\/h2>\t\t\t\t<\/div>\n\t\t\t\t<\/div>\n\t\t\t\t<div class=\"elementor-element elementor-element-4681c590 elementor-button-align-end elementor-tablet-button-align-end elementor-mobile-button-align-stretch elementor-widget elementor-widget-form\" data-id=\"4681c590\" data-element_type=\"widget\" data-e-type=\"widget\" data-settings=\"{&quot;step_next_label&quot;:&quot;Suivant&quot;,&quot;step_previous_label&quot;:&quot;Pr\\u00e9c\\u00e9dent&quot;,&quot;button_width&quot;:&quot;100&quot;,&quot;step_type&quot;:&quot;number_text&quot;,&quot;step_icon_shape&quot;:&quot;circle&quot;}\" data-widget_type=\"form.default\">\n\t\t\t\t<div class=\"elementor-widget-container\">\n\t\t\t\t\t\t\t<form class=\"elementor-form\" method=\"post\" name=\"Nouveau formulaire\" aria-label=\"Nouveau formulaire\">\n\t\t\t<input type=\"hidden\" name=\"post_id\" value=\"406\"\/>\n\t\t\t<input type=\"hidden\" name=\"form_id\" value=\"4681c590\"\/>\n\t\t\t<input type=\"hidden\" name=\"referer_title\" value=\"Nous contacter - Akhenaton\" \/>\n\n\t\t\t\t\t\t\t<input type=\"hidden\" name=\"queried_id\" value=\"406\"\/>\n\t\t\t\n\t\t\t<div class=\"elementor-form-fields-wrapper elementor-labels-\">\n\t\t\t\t\t\t\t\t<div class=\"elementor-field-type-text elementor-field-group elementor-column elementor-field-group-name elementor-col-50 elementor-field-required\">\n\t\t\t\t\t\t\t\t\t\t\t\t<label for=\"form-field-name\" class=\"elementor-field-label elementor-screen-only\">\n\t\t\t\t\t\t\t\tNom complet\t\t\t\t\t\t\t<\/label>\n\t\t\t\t\t\t\t\t\t\t\t\t\t\t<input size=\"1\" type=\"text\" name=\"form_fields[name]\" id=\"form-field-name\" class=\"elementor-field elementor-size-md  elementor-field-textual\" placeholder=\"*Nom complet\" required=\"required\">\n\t\t\t\t\t\t\t\t\t\t\t<\/div>\n\t\t\t\t\t\t\t\t<div class=\"elementor-field-type-email elementor-field-group elementor-column elementor-field-group-email elementor-col-50 elementor-field-required\">\n\t\t\t\t\t\t\t\t\t\t\t\t<label for=\"form-field-email\" class=\"elementor-field-label elementor-screen-only\">\n\t\t\t\t\t\t\t\tCourriel :\t\t\t\t\t\t\t<\/label>\n\t\t\t\t\t\t\t\t\t\t\t\t\t\t<input size=\"1\" type=\"email\" name=\"form_fields[email]\" id=\"form-field-email\" class=\"elementor-field elementor-size-md  elementor-field-textual\" placeholder=\"*Email\" required=\"required\">\n\t\t\t\t\t\t\t\t\t\t\t<\/div>\n\t\t\t\t\t\t\t\t<div class=\"elementor-field-type-tel elementor-field-group elementor-column elementor-field-group-field_2ddce2c elementor-col-50 elementor-field-required\">\n\t\t\t\t\t\t\t\t\t\t\t\t<label for=\"form-field-field_2ddce2c\" class=\"elementor-field-label elementor-screen-only\">\n\t\t\t\t\t\t\t\tNum\u00e9ro de t\u00e9l\u00e9phone\t\t\t\t\t\t\t<\/label>\n\t\t\t\t\t\t\t\t<input size=\"1\" type=\"tel\" name=\"form_fields[field_2ddce2c]\" id=\"form-field-field_2ddce2c\" class=\"elementor-field elementor-size-md  elementor-field-textual\" placeholder=\"*Num\u00e9ro de t\u00e9l\u00e9phone\" required=\"required\" pattern=\"[0-9()#&amp;+*-=.]+\" title=\"Seuls les caract\u00e8res de num\u00e9ros de t\u00e9l\u00e9phone (#, -, *, etc.) sont accept\u00e9s.\">\n\n\t\t\t\t\t\t<\/div>\n\t\t\t\t\t\t\t\t<div class=\"elementor-field-type-textarea elementor-field-group elementor-column elementor-field-group-message elementor-col-100\">\n\t\t\t\t\t\t\t\t\t\t\t\t<label for=\"form-field-message\" class=\"elementor-field-label elementor-screen-only\">\n\t\t\t\t\t\t\t\tComment pouvons-nous vous aider ?\t\t\t\t\t\t\t<\/label>\n\t\t\t\t\t\t<textarea class=\"elementor-field-textual elementor-field  elementor-size-md\" name=\"form_fields[message]\" id=\"form-field-message\" rows=\"15\" placeholder=\"Comment pouvons-nous vous aider ?\"><\/textarea>\t\t\t\t<\/div>\n\t\t\t\t\t\t\t\t<div class=\"elementor-field-type-recaptcha_v3 elementor-field-group elementor-column elementor-field-group-field_8efa0f7 elementor-col-100 recaptcha_v3-bottomright\">\n\t\t\t\t\t<div class=\"elementor-field\" id=\"form-field-field_8efa0f7\"><div class=\"elementor-g-recaptcha\" data-sitekey=\"6Lc_gTIpAAAAAIDaDzznWewpc8iNqCybGnU1PGK3\" data-type=\"v3\" data-action=\"Form\" data-badge=\"bottomright\" data-size=\"invisible\"><\/div><\/div>\t\t\t\t<\/div>\n\t\t\t\t\t\t\t\t<div class=\"elementor-field-group elementor-column elementor-field-type-submit elementor-col-100 e-form__buttons\">\n\t\t\t\t\t<button class=\"elementor-button elementor-size-sm\" type=\"submit\">\n\t\t\t\t\t\t<span class=\"elementor-button-content-wrapper\">\n\t\t\t\t\t\t\t\t\t\t\t\t\t\t\t\t\t\t\t\t\t\t<span class=\"elementor-button-text\">Soumettre<\/span>\n\t\t\t\t\t\t\t\t\t\t\t\t\t<\/span>\n\t\t\t\t\t<\/button>\n\t\t\t\t<\/div>\n\t\t\t<\/div>\n\t\t<\/form>\n\t\t\t\t\t\t<\/div>\n\t\t\t\t<\/div>\n\t\t<div class=\"elementor-element elementor-element-628d15b4 e-con-full e-flex e-con e-child\" data-id=\"628d15b4\" data-element_type=\"container\" data-e-type=\"container\">\n\t\t<div class=\"elementor-element elementor-element-93993c3 e-con-full e-flex e-con e-child\" data-id=\"93993c3\" data-element_type=\"container\" data-e-type=\"container\">\n\t\t\t\t<div class=\"elementor-element elementor-element-1646dad9 elementor-widget elementor-widget-heading\" data-id=\"1646dad9\" data-element_type=\"widget\" data-e-type=\"widget\" data-widget_type=\"heading.default\">\n\t\t\t\t<div class=\"elementor-widget-container\">\n\t\t\t\t\t<p class=\"elementor-heading-title elementor-size-default\"><a href=\"mailto:contact@surfrowing.be\">contact@surfrowing.be<\/a><\/p>\t\t\t\t<\/div>\n\t\t\t\t<\/div>\n\t\t\t\t<\/div>\n\t\t<div class=\"elementor-element elementor-element-2f03d0b8 e-con-full e-flex e-con e-child\" data-id=\"2f03d0b8\" data-element_type=\"container\" data-e-type=\"container\">\n\t\t\t\t<div class=\"elementor-element elementor-element-604c57eb elementor-widget elementor-widget-text-editor\" data-id=\"604c57eb\" data-element_type=\"widget\" data-e-type=\"widget\" data-widget_type=\"text-editor.default\">\n\t\t\t\t<div class=\"elementor-widget-container\">\n\t\t\t\t\t\t\t\t\t<p>Oostvaartdijk, 52 1850 Grimbergen<\/p>\n\t\t\t\t\t\t\t\t<\/div>\n\t\t\t\t<\/div>\n\t\t\t\t<\/div>\n\t\t<div class=\"elementor-element elementor-element-36a5d8ff e-con-full e-flex e-con e-child\" data-id=\"36a5d8ff\" data-element_type=\"container\" data-e-type=\"container\">\n\t\t\t\t<div class=\"elementor-element elementor-element-f95421 elementor-widget elementor-widget-text-editor\" data-id=\"f95421\" data-element_type=\"widget\" data-e-type=\"widget\" data-widget_type=\"text-editor.default\">\n\t\t\t\t<div class=\"elementor-widget-container\">\n\t\t\t\t\t\t\t\t\t<p>+32 475 22 05 65<\/p>\n\t\t\t\t\t\t\t\t<\/div>\n\t\t\t\t<\/div>\n\t\t\t\t<\/div>\n\t\t\t\t<\/div>\n\t\t\t\t<\/div>\n\t\t<div class=\"elementor-element elementor-element-2e36c9b0 e-con-full e-flex e-con e-child\" data-id=\"2e36c9b0\" data-element_type=\"container\" data-e-type=\"container\">\n\t\t\t\t<div class=\"elementor-element elementor-element-4e86508b elementor-widget elementor-widget-google_maps\" data-id=\"4e86508b\" data-element_type=\"widget\" data-e-type=\"widget\" data-widget_type=\"google_maps.default\">\n\t\t\t\t<div class=\"elementor-widget-container\">\n\t\t\t\t\t\t\t<div class=\"elementor-custom-embed\">\n\t\t\t<iframe loading=\"lazy\"\n\t\t\t\t\tsrc=\"https:\/\/maps.google.com\/maps?q=Oostvaartdijk%2C%2052%201850%20Grimbergen&#038;t=m&#038;z=13&#038;output=embed&#038;iwloc=near\"\n\t\t\t\t\ttitle=\"Oostvaartdijk, 52 1850 Grimbergen\"\n\t\t\t\t\taria-label=\"Oostvaartdijk, 52 1850 Grimbergen\"\n\t\t\t><\/iframe>\n\t\t<\/div>\n\t\t\t\t\t\t<\/div>\n\t\t\t\t<\/div>\n\t\t\t\t<\/div>\n\t\t\t\t<\/div>\n\t\t\t\t<\/div>\n\t\t","protected":false},"excerpt":{"rendered":"<p>nous contacter L&rsquo;aviron est notre passion. Nous sommes donc toujours pr\u00eats \u00e0 vous conseiller et \u00e0 vous faire participer \u00e0 toutes nos activit\u00e9s. L&rsquo;aviron est pour tousmais !!&#8230; Vous avez entre 18 et 33 ans et voulez participer \u00e0 une aventure hors du commun &#8230; notre projet \u00ab\u00a0Henley Royal Regatta\u00a0\u00bb pour ramer dans un 4 [&hellip;]<\/p>\n","protected":false},"author":1,"featured_media":0,"parent":0,"menu_order":0,"comment_status":"closed","ping_status":"closed","template":"elementor_header_footer","meta":{"footnotes":""},"class_list":["post-406","page","type-page","status-publish","hentry"],"_links":{"self":[{"href":"https:\/\/surfrowing.be\/fr\/wp-json\/wp\/v2\/pages\/406","targetHints":{"allow":["GET"]}}],"collection":[{"href":"https:\/\/surfrowing.be\/fr\/wp-json\/wp\/v2\/pages"}],"about":[{"href":"https:\/\/surfrowing.be\/fr\/wp-json\/wp\/v2\/types\/page"}],"author":[{"embeddable":true,"href":"https:\/\/surfrowing.be\/fr\/wp-json\/wp\/v2\/users\/1"}],"replies":[{"embeddable":true,"href":"https:\/\/surfrowing.be\/fr\/wp-json\/wp\/v2\/comments?post=406"}],"version-history":[{"count":9,"href":"https:\/\/surfrowing.be\/fr\/wp-json\/wp\/v2\/pages\/406\/revisions"}],"predecessor-version":[{"id":1155,"href":"https:\/\/surfrowing.be\/fr\/wp-json\/wp\/v2\/pages\/406\/revisions\/1155"}],"wp:attachment":[{"href":"https:\/\/surfrowing.be\/fr\/wp-json\/wp\/v2\/media?parent=406"}],"curies":[{"name":"wp","href":"https:\/\/api.w.org\/{rel}","templated":true}]}}