{"id":415,"date":"2023-12-10T20:56:35","date_gmt":"2023-12-10T19:56:35","guid":{"rendered":"https:\/\/surfrowing.be\/bateau-a-voile\/"},"modified":"2024-01-19T12:52:25","modified_gmt":"2024-01-19T11:52:25","slug":"surfboat-aviron-surf-surfrowing","status":"publish","type":"page","link":"https:\/\/surfrowing.be\/fr\/surfboat-aviron-surf-surfrowing\/","title":{"rendered":"Surfboat &#8211; aviron surf"},"content":{"rendered":"\t\t<div data-elementor-type=\"wp-page\" data-elementor-id=\"415\" class=\"elementor elementor-415 elementor-222\" data-elementor-post-type=\"page\">\n\t\t\t\t<div class=\"elementor-element elementor-element-4d1b5074 e-con-full e-flex e-con e-parent\" data-id=\"4d1b5074\" data-element_type=\"container\" data-e-type=\"container\">\n\t\t\t\t<div class=\"elementor-element elementor-element-6a5741c3 elementor-widget elementor-widget-heading\" data-id=\"6a5741c3\" data-element_type=\"widget\" data-e-type=\"widget\" data-widget_type=\"heading.default\">\n\t\t\t\t<div class=\"elementor-widget-container\">\n\t\t\t\t\t<h1 class=\"elementor-heading-title elementor-size-default\">Surfboat - aviron surf<\/h1>\t\t\t\t<\/div>\n\t\t\t\t<\/div>\n\t\t\t\t<\/div>\n\t\t<div class=\"elementor-element elementor-element-390ead53 e-con-full e-flex e-con e-parent\" data-id=\"390ead53\" data-element_type=\"container\" data-e-type=\"container\" id=\"s1\">\n\t\t<div class=\"elementor-element elementor-element-441dd6b6 e-con-full e-flex e-con e-child\" data-id=\"441dd6b6\" data-element_type=\"container\" data-e-type=\"container\">\n\t\t\t\t<div class=\"elementor-element elementor-element-46a7d7c5 elementor-widget elementor-widget-heading\" data-id=\"46a7d7c5\" data-element_type=\"widget\" data-e-type=\"widget\" data-widget_type=\"heading.default\">\n\t\t\t\t<div class=\"elementor-widget-container\">\n\t\t\t\t\t<h2 class=\"elementor-heading-title elementor-size-default\">Surfrowing, \u00e9galement connu sous le nom de Surfboat<\/h2>\t\t\t\t<\/div>\n\t\t\t\t<\/div>\n\t\t\t\t<div class=\"elementor-element elementor-element-2fd8554b elementor-widget elementor-widget-text-editor\" data-id=\"2fd8554b\" data-element_type=\"widget\" data-e-type=\"widget\" data-widget_type=\"text-editor.default\">\n\t\t\t\t<div class=\"elementor-widget-container\">\n\t\t\t\t\t\t\t\t\t<p>Ce sport est n\u00e9 au d\u00e9but du 20e si\u00e8cle comme moyen de sauvetage des surfeurs sur les plages australiennes.  <\/p>\n<p>Cette m\u00e9thode de sauvetage est aujourd&rsquo;hui remplac\u00e9e par des moyens m\u00e9caniques, mais elle reste un sport pratiqu\u00e9 et une cat\u00e9gorie disput\u00e9e aux \u00ab\u00a0Jeux olympiques\u00a0\u00bb de sports de plage en Australie.  <\/p>\n<p>Voir ceci <a href=\"https:\/\/surfrowingaustralia.com.au\/\" target=\"_blank\" rel=\"noopener\">https:\/\/surfrowingaustralia.com.au\/<\/a> et ceci <a href=\"https:\/\/sls.com.au\/\" target=\"_blank\" rel=\"noopener\">https:\/\/sls.com.au\/<\/a><\/p>\n<p>Ces derni\u00e8res ann\u00e9es aussi des r\u00e9gates purement \u00ab\u00a0surfboat\u00a0\u00bb ont \u00e9t\u00e9 organis\u00e9es comme le \u201cocean thunder.\u201d Contrairement \u00e0 l&rsquo;aviron, le sport b\u00e9n\u00e9ficie d&rsquo;un sponsoring confortable, gr\u00e2ce \u00e0 une politique plus ouverte d&rsquo;introduction de la publicit\u00e9.  <\/p>\n<p>A partir de 2002, notre club est devenu la ligue belge de surfrowing et en 2004 nous avons fond\u00e9 avec les Britanniques (principalement les Cornouaillais), les Fran\u00e7ais et les N\u00e9erlandais, l&rsquo;ESRF, European Surfrowers Federation.  <\/p>\n<p>Depuis, plusieurs autres pays europ\u00e9ens ont rejoint la f\u00e9d\u00e9ration apr\u00e8s avoir d\u00e9velopp\u00e9 ce sport chez eux.<\/p>\n\t\t\t\t\t\t\t\t<\/div>\n\t\t\t\t<\/div>\n\t\t\t\t<\/div>\n\t\t<div class=\"elementor-element elementor-element-12f043f6 e-con-full e-flex e-con e-child\" data-id=\"12f043f6\" data-element_type=\"container\" data-e-type=\"container\" data-settings=\"{&quot;background_background&quot;:&quot;classic&quot;}\">\n\t\t\t\t<\/div>\n\t\t\t\t<\/div>\n\t\t<div class=\"elementor-element elementor-element-6ef59812 e-con-full e-flex e-con e-parent\" data-id=\"6ef59812\" data-element_type=\"container\" data-e-type=\"container\" id=\"s2\">\n\t\t<div class=\"elementor-element elementor-element-1800be6c e-con-full e-flex e-con e-child\" data-id=\"1800be6c\" data-element_type=\"container\" data-e-type=\"container\" data-settings=\"{&quot;background_background&quot;:&quot;classic&quot;}\">\n\t\t\t\t<\/div>\n\t\t<div class=\"elementor-element elementor-element-17a84451 e-con-full e-flex e-con e-child\" data-id=\"17a84451\" data-element_type=\"container\" data-e-type=\"container\">\n\t\t\t\t<div class=\"elementor-element elementor-element-cf5ddf8 elementor-widget elementor-widget-heading\" data-id=\"cf5ddf8\" data-element_type=\"widget\" data-e-type=\"widget\" data-widget_type=\"heading.default\">\n\t\t\t\t<div class=\"elementor-widget-container\">\n\t\t\t\t\t<h2 class=\"elementor-heading-title elementor-size-default\">Bateau de surf - Surfrowing<\/h2>\t\t\t\t<\/div>\n\t\t\t\t<\/div>\n\t\t\t\t<div class=\"elementor-element elementor-element-5ca024a elementor-widget elementor-widget-text-editor\" data-id=\"5ca024a\" data-element_type=\"widget\" data-e-type=\"widget\" data-widget_type=\"text-editor.default\">\n\t\t\t\t<div class=\"elementor-widget-container\">\n\t\t\t\t\t\t\t\t\t<p>Il est pratiqu\u00e9 avec 4 rameurs &#8211; rameuses par bateau et un barreur ou barreuse appel\u00e9 aussi le \u201csweep\u201d. <\/p>\n<p>Chaque rameur manie un aviron beaucoup plus long qu&rsquo;en aviron olympique et le \u00ab\u00a0balayeur\u00a0\u00bb dirige le bateau \u00e0 l&rsquo;aide d&rsquo;un aviron \u00e0 l&rsquo;ancienne encore plus long. Si les avirons des rameurs ont suivi l&rsquo;\u00e9volution des avirons olympiques, le \u00ab\u00a0sweep\u00a0\u00bb est rest\u00e9 un vieil aviron en bois inchang\u00e9 depuis des si\u00e8cles.  <\/p>\n<p>The sport de d\u00e9roule sur la mer et dans les vagues, sur les vagues Les comp\u00e9titions se d\u00e9roulent sur 300 ou 400 m\u00e8tres. Les bateaux partent de la plage, vont jusqu&rsquo;\u00e0 une bou\u00e9e, la contournent \u00e0 la rame et reviennent sur la plage, en tirant le meilleur parti, en utilisant au maximum les diff\u00e9rentes vagues, en surfant sur les vagues. Les courses sont tr\u00e8s spectaculaires mais ce sont les vagues et la comp\u00e9tence des \u00e9quipes, en particulier le \u00ab\u00a0sweep\u00a0\u00bb, qui d\u00e9cident.  <\/p>\n<p>Il existe \u00e9galement des \u00ab\u00a0raids\u00a0\u00bb sur des distances plus longues, voire beaucoup plus longues.  <\/p>\n<p>Notre saison reprend \u00e0 la mi-mai dans nos pays mais aussi en fonction de la m\u00e9t\u00e9o. Contactez-nous si vous souhaitez participer \u00e0 nos \u00ab\u00a0sorties\u00a0\u00bb.<\/p>\n\t\t\t\t\t\t\t\t<\/div>\n\t\t\t\t<\/div>\n\t\t\t\t<\/div>\n\t\t\t\t<\/div>\n\t\t<div class=\"elementor-element elementor-element-37680156 e-con-full e-flex e-con e-parent\" data-id=\"37680156\" data-element_type=\"container\" data-e-type=\"container\" id=\"s3\">\n\t\t<div class=\"elementor-element elementor-element-7a717f42 e-con-full e-flex e-con e-child\" data-id=\"7a717f42\" data-element_type=\"container\" data-e-type=\"container\">\n\t\t\t\t<div class=\"elementor-element elementor-element-45fcb066 elementor-widget elementor-widget-heading\" data-id=\"45fcb066\" data-element_type=\"widget\" data-e-type=\"widget\" data-widget_type=\"heading.default\">\n\t\t\t\t<div class=\"elementor-widget-container\">\n\t\t\t\t\t<h2 class=\"elementor-heading-title elementor-size-default\">Pratique<\/h2>\t\t\t\t<\/div>\n\t\t\t\t<\/div>\n\t\t\t\t<div class=\"elementor-element elementor-element-3e858057 elementor-widget elementor-widget-text-editor\" data-id=\"3e858057\" data-element_type=\"widget\" data-e-type=\"widget\" data-widget_type=\"text-editor.default\">\n\t\t\t\t<div class=\"elementor-widget-container\">\n\t\t\t\t\t\t\t\t\t<p>L&rsquo;aviron surf sur les vagues est pratiqu\u00e9 dans des bateaux de 4 rameuurs &#8211; rameuses et un barreur, le \u201csweep\u201d. Chaque rameur manie un aviron beaucoup plus long qu&rsquo;en aviron olympique et le \u00ab\u00a0balayeur\u00a0\u00bb dirige le bateau \u00e0 l&rsquo;aide d&rsquo;un aviron \u00e0 l&rsquo;ancienne encore plus long.  <\/p>\n<p>Si les avirons des rameurs ont suivi l&rsquo;\u00e9volution des avirons olympiques, le \u00ab\u00a0sweep\u00a0\u00bb est rest\u00e9 un vieil aviron en bois inchang\u00e9 depuis des si\u00e8cles. Nous ramons en mer et sur les vagues Les comp\u00e9titions se d\u00e9roulent sur 300 ou 400 m\u00e8tres.  <\/p>\n<p>Les bateaux partent de la plage, vont jusqu&rsquo;\u00e0 une bou\u00e9e, la contournent \u00e0 la rame et reviennent sur la plage, en tirant le meilleur parti, en utilisant au maximum les diff\u00e9rentes vagues, en surfant sur les vagues.  <\/p>\n<p>Les courses sont tr\u00e8s spectaculaires mais ce sont les vagues et la comp\u00e9tence des \u00e9quipes, en particulier le \u00ab\u00a0sweep\u00a0\u00bb, qui d\u00e9cident. Il existe \u00e9galement des \u00ab\u00a0raids\u00a0\u00bb sur des distances plus longues, voire beaucoup plus longues. Notre saison reprend \u00e0 la mi-mai dans nos pays mais aussi en fonction de la m\u00e9t\u00e9o. Contactez-nous si vous souhaitez participer \u00e0 nos \u00ab\u00a0sorties\u00a0\u00bb.<\/p>\n\t\t\t\t\t\t\t\t<\/div>\n\t\t\t\t<\/div>\n\t\t\t\t<\/div>\n\t\t<div class=\"elementor-element elementor-element-141dcfa4 e-con-full e-flex e-con e-child\" data-id=\"141dcfa4\" data-element_type=\"container\" data-e-type=\"container\" data-settings=\"{&quot;background_background&quot;:&quot;classic&quot;}\">\n\t\t\t\t<\/div>\n\t\t\t\t<\/div>\n\t\t<div class=\"elementor-element elementor-element-7ab07e2b e-con-full e-flex e-con e-parent\" data-id=\"7ab07e2b\" data-element_type=\"container\" data-e-type=\"container\">\n\t\t<div class=\"elementor-element elementor-element-46058c30 e-con-full e-flex e-con e-child\" data-id=\"46058c30\" data-element_type=\"container\" data-e-type=\"container\">\n\t\t\t\t<div class=\"elementor-element elementor-element-414ac0d elementor-widget elementor-widget-heading\" data-id=\"414ac0d\" data-element_type=\"widget\" data-e-type=\"widget\" data-widget_type=\"heading.default\">\n\t\t\t\t<div class=\"elementor-widget-container\">\n\t\t\t\t\t<h2 class=\"elementor-heading-title elementor-size-default\">Pr\u00eat \u00e0 commencer ? Rejoignez-nous maintenant !<\/h2>\t\t\t\t<\/div>\n\t\t\t\t<\/div>\n\t\t\t\t<\/div>\n\t\t<div class=\"elementor-element elementor-element-a205b1f e-con-full e-flex e-con e-child\" data-id=\"a205b1f\" data-element_type=\"container\" data-e-type=\"container\">\n\t\t\t\t<div class=\"elementor-element elementor-element-26f524b1 elementor-widget elementor-widget-heading\" data-id=\"26f524b1\" data-element_type=\"widget\" data-e-type=\"widget\" data-widget_type=\"heading.default\">\n\t\t\t\t<div class=\"elementor-widget-container\">\n\t\t\t\t\t<h2 class=\"elementor-heading-title elementor-size-default\">Remplissez le formulaire et renvoyez-le nous.<\/h2>\t\t\t\t<\/div>\n\t\t\t\t<\/div>\n\t\t\t\t<div class=\"elementor-element elementor-element-55ecf663 elementor-widget elementor-widget-button\" data-id=\"55ecf663\" data-element_type=\"widget\" data-e-type=\"widget\" data-widget_type=\"button.default\">\n\t\t\t\t<div class=\"elementor-widget-container\">\n\t\t\t\t\t\t\t\t\t<div class=\"elementor-button-wrapper\">\n\t\t\t\t\t<a class=\"elementor-button elementor-button-link elementor-size-sm\" href=\"https:\/\/surfrowing.be\/wp-content\/uploads\/2023\/12\/Registration-Form.pdf\" target=\"_blank\">\n\t\t\t\t\t\t<span class=\"elementor-button-content-wrapper\">\n\t\t\t\t\t\t\t\t\t<span class=\"elementor-button-text\">S'inscrire maintenant &gt;<\/span>\n\t\t\t\t\t<\/span>\n\t\t\t\t\t<\/a>\n\t\t\t\t<\/div>\n\t\t\t\t\t\t\t\t<\/div>\n\t\t\t\t<\/div>\n\t\t\t\t<\/div>\n\t\t\t\t<\/div>\n\t\t<div class=\"elementor-element elementor-element-8bba7b1 e-flex e-con-boxed e-con e-parent\" data-id=\"8bba7b1\" data-element_type=\"container\" data-e-type=\"container\">\n\t\t\t\t\t<div class=\"e-con-inner\">\n\t\t\t\t\t<\/div>\n\t\t\t\t<\/div>\n\t\t<div class=\"elementor-element elementor-element-3f60658 e-flex e-con-boxed e-con e-parent\" data-id=\"3f60658\" data-element_type=\"container\" data-e-type=\"container\">\n\t\t\t\t\t<div class=\"e-con-inner\">\n\t\t\t\t<div class=\"elementor-element elementor-element-1938a0a elementor-widget elementor-widget-image\" data-id=\"1938a0a\" data-element_type=\"widget\" data-e-type=\"widget\" data-widget_type=\"image.default\">\n\t\t\t\t<div class=\"elementor-widget-container\">\n\t\t\t\t\t\t\t\t\t\t\t\t\t\t\t<img fetchpriority=\"high\" decoding=\"async\" width=\"800\" height=\"252\" src=\"https:\/\/surfrowing.be\/wp-content\/uploads\/2024\/01\/surfboat-bandwidth-1-1024x322.png\" class=\"attachment-large size-large wp-image-778\" alt=\"Surfboat Surfrowing thrilling sport\" srcset=\"https:\/\/surfrowing.be\/wp-content\/uploads\/2024\/01\/surfboat-bandwidth-1-1024x322.png 1024w, https:\/\/surfrowing.be\/wp-content\/uploads\/2024\/01\/surfboat-bandwidth-1-300x94.png 300w, https:\/\/surfrowing.be\/wp-content\/uploads\/2024\/01\/surfboat-bandwidth-1-768x241.png 768w, https:\/\/surfrowing.be\/wp-content\/uploads\/2024\/01\/surfboat-bandwidth-1.png 1355w\" sizes=\"(max-width: 800px) 100vw, 800px\" \/>\t\t\t\t\t\t\t\t\t\t\t\t\t\t\t<\/div>\n\t\t\t\t<\/div>\n\t\t\t\t\t<\/div>\n\t\t\t\t<\/div>\n\t\t\t\t<\/div>\n\t\t","protected":false},"excerpt":{"rendered":"<p>Surfboat &#8211; aviron surf Surfrowing, \u00e9galement connu sous le nom de Surfboat Ce sport est n\u00e9 au d\u00e9but du 20e si\u00e8cle comme moyen de sauvetage des surfeurs sur les plages australiennes. Cette m\u00e9thode de sauvetage est aujourd&rsquo;hui remplac\u00e9e par des moyens m\u00e9caniques, mais elle reste un sport pratiqu\u00e9 et une cat\u00e9gorie disput\u00e9e aux \u00ab\u00a0Jeux olympiques\u00a0\u00bb [&hellip;]<\/p>\n","protected":false},"author":1,"featured_media":0,"parent":0,"menu_order":0,"comment_status":"closed","ping_status":"closed","template":"","meta":{"footnotes":""},"class_list":["post-415","page","type-page","status-publish","hentry"],"_links":{"self":[{"href":"https:\/\/surfrowing.be\/fr\/wp-json\/wp\/v2\/pages\/415","targetHints":{"allow":["GET"]}}],"collection":[{"href":"https:\/\/surfrowing.be\/fr\/wp-json\/wp\/v2\/pages"}],"about":[{"href":"https:\/\/surfrowing.be\/fr\/wp-json\/wp\/v2\/types\/page"}],"author":[{"embeddable":true,"href":"https:\/\/surfrowing.be\/fr\/wp-json\/wp\/v2\/users\/1"}],"replies":[{"embeddable":true,"href":"https:\/\/surfrowing.be\/fr\/wp-json\/wp\/v2\/comments?post=415"}],"version-history":[{"count":9,"href":"https:\/\/surfrowing.be\/fr\/wp-json\/wp\/v2\/pages\/415\/revisions"}],"predecessor-version":[{"id":842,"href":"https:\/\/surfrowing.be\/fr\/wp-json\/wp\/v2\/pages\/415\/revisions\/842"}],"wp:attachment":[{"href":"https:\/\/surfrowing.be\/fr\/wp-json\/wp\/v2\/media?parent=415"}],"curies":[{"name":"wp","href":"https:\/\/api.w.org\/{rel}","templated":true}]}}