{"id":416,"date":"2023-12-10T17:38:47","date_gmt":"2023-12-10T16:38:47","guid":{"rendered":"https:\/\/surfrowing.be\/aviron\/"},"modified":"2025-04-30T13:11:29","modified_gmt":"2025-04-30T12:11:29","slug":"laviron-aviron","status":"publish","type":"page","link":"https:\/\/surfrowing.be\/fr\/laviron-aviron\/","title":{"rendered":"l&rsquo;Aviron"},"content":{"rendered":"\t\t<div data-elementor-type=\"wp-page\" data-elementor-id=\"416\" class=\"elementor elementor-416 elementor-44\" data-elementor-post-type=\"page\">\n\t\t\t\t<div class=\"elementor-element elementor-element-4d1b5074 e-con-full e-flex e-con e-parent\" data-id=\"4d1b5074\" data-element_type=\"container\" data-e-type=\"container\">\n\t\t\t\t<div class=\"elementor-element elementor-element-6a5741c3 elementor-widget elementor-widget-heading\" data-id=\"6a5741c3\" data-element_type=\"widget\" data-e-type=\"widget\" data-widget_type=\"heading.default\">\n\t\t\t\t<div class=\"elementor-widget-container\">\n\t\t\t\t\t<h1 class=\"elementor-heading-title elementor-size-default\">l'Aviron<\/h1>\t\t\t\t<\/div>\n\t\t\t\t<\/div>\n\t\t\t\t<\/div>\n\t\t<div class=\"elementor-element elementor-element-390ead53 e-con-full e-flex e-con e-parent\" data-id=\"390ead53\" data-element_type=\"container\" data-e-type=\"container\" id=\"s1\">\n\t\t<div class=\"elementor-element elementor-element-441dd6b6 e-con-full e-flex e-con e-child\" data-id=\"441dd6b6\" data-element_type=\"container\" data-e-type=\"container\">\n\t\t\t\t<div class=\"elementor-element elementor-element-46a7d7c5 elementor-widget elementor-widget-heading\" data-id=\"46a7d7c5\" data-element_type=\"widget\" data-e-type=\"widget\" data-widget_type=\"heading.default\">\n\t\t\t\t<div class=\"elementor-widget-container\">\n\t\t\t\t\t<h2 class=\"elementor-heading-title elementor-size-default\">Histoire de l'aviron<\/h2>\t\t\t\t<\/div>\n\t\t\t\t<\/div>\n\t\t\t\t<div class=\"elementor-element elementor-element-2fd8554b elementor-widget elementor-widget-text-editor\" data-id=\"2fd8554b\" data-element_type=\"widget\" data-e-type=\"widget\" data-widget_type=\"text-editor.default\">\n\t\t\t\t<div class=\"elementor-widget-container\">\n\t\t\t\t\t\t\t\t\t<p>L&rsquo;aviron est le meilleur sport au monde, tellement b\u00e9n\u00e9fique pour votre sant\u00e9.<\/p><p>De tout temps, les hommes ont navigu\u00e9 sur les voies d&rsquo;eau, les fleuves ou la mer.<\/p><p>Pendant des si\u00e8cles, les \u00c9gyptiens, les Grecs et les Ph\u00e9niciens ont utilis\u00e9 la force des bras pour d\u00e9placer leurs bateaux avant d&rsquo;utiliser le vent. <br>Les Ph\u00e9niciens utilisaient des coussins de soie afin de ne pas utiliser uniquement les bras mais de les combiner avec les jambes.<\/p><p>Mais m\u00eame si les anciens consid\u00e9raient comme un honneur de ramer leurs bateaux et leurs tri\u00e8res, cela devint rapidement une t\u00e2che de gal\u00e9rien. Les voiles et l&rsquo;utilisation de la voile ont mis fin \u00e0 cet esclavage. <\/p><p>A partir de la moiti\u00e9 du 19\u00e8me si\u00e8cle, l&rsquo;aviron est devenu davantage un sport et des clubs sont cr\u00e9\u00e9s en Belgique aussi et des r\u00e9gates sont organis\u00e9es comme celle sur le canal de \u00ab\u00a0Terdonk\u00a0\u00bb, ou sur le canal de Bruxelles &#8211; Grimbergen, o\u00f9 l&rsquo;on rame, et l&rsquo;autre grandes villes.<\/p>\t\t\t\t\t\t\t\t<\/div>\n\t\t\t\t<\/div>\n\t\t\t\t<\/div>\n\t\t<div class=\"elementor-element elementor-element-12f043f6 e-con-full e-flex e-con e-child\" data-id=\"12f043f6\" data-element_type=\"container\" data-e-type=\"container\" data-settings=\"{&quot;background_background&quot;:&quot;classic&quot;}\">\n\t\t\t\t<\/div>\n\t\t\t\t<\/div>\n\t\t<div class=\"elementor-element elementor-element-6ef59812 e-con-full e-flex e-con e-parent\" data-id=\"6ef59812\" data-element_type=\"container\" data-e-type=\"container\" id=\"s2\">\n\t\t<div class=\"elementor-element elementor-element-1800be6c e-con-full e-flex e-con e-child\" data-id=\"1800be6c\" data-element_type=\"container\" data-e-type=\"container\" data-settings=\"{&quot;background_background&quot;:&quot;classic&quot;}\">\n\t\t\t\t<\/div>\n\t\t<div class=\"elementor-element elementor-element-17a84451 e-con-full e-flex e-con e-child\" data-id=\"17a84451\" data-element_type=\"container\" data-e-type=\"container\">\n\t\t\t\t<div class=\"elementor-element elementor-element-cf5ddf8 elementor-widget elementor-widget-heading\" data-id=\"cf5ddf8\" data-element_type=\"widget\" data-e-type=\"widget\" data-widget_type=\"heading.default\">\n\t\t\t\t<div class=\"elementor-widget-container\">\n\t\t\t\t\t<h2 class=\"elementor-heading-title elementor-size-default\">Technique<\/h2>\t\t\t\t<\/div>\n\t\t\t\t<\/div>\n\t\t\t\t<div class=\"elementor-element elementor-element-5ca024a elementor-widget elementor-widget-text-editor\" data-id=\"5ca024a\" data-element_type=\"widget\" data-e-type=\"widget\" data-widget_type=\"text-editor.default\">\n\t\t\t\t<div class=\"elementor-widget-container\">\n\t\t\t\t\t\t\t\t\t<p>La technique en Aviron \u00e9volue aussi <\/p><p>A partir de bateaux lourds, de cuves, larges, \u00e0 clins, munis de trous fixes (deux longs axes l\u00e9g\u00e8rement espac\u00e9s l&rsquo;un de l&rsquo;autre, fix\u00e9s aux bords du bateau pour permettre \u00e0 la rame de tourner dans celui-ci) et de si\u00e8ge fixe (sans action des jambes) appel\u00e9 skiff, on passez progressivement \u00e0 des bateaux plus \u00e9troits. <\/p><p>Ceux-ci \u00e9taient plus l\u00e9gers et leur coque est faite de feuilles de bois, avec des stabilisateurs mont\u00e9s sur les planches de saxophone du bateau pour fixer les dames de nage et les \u00e9merillons supportant les rames et les godilles (pagaies). <\/p><p>A cette \u00e9poque, les premiers si\u00e8ges fixes font place \u00e0 des si\u00e8ges \u00e9quip\u00e9s de roulettes qui roulent sur des rails de plus en plus longs avec le temps, de 30 cm, 60, 80 et 90 cm au fil du temps. <\/p><p>M\u00eame si la technique du rameur para\u00eet simple, elle ne l\u2019est pas tant que \u00e7a. L&rsquo;ancien entra\u00eeneur Ren\u00e9 Vingerhout disait qu&rsquo;il faut 12 ans pour devenir un bon rameur, n&rsquo;est-ce pas ? <\/p><p>De plus, la technique a \u00e9galement \u00e9volu\u00e9, passant d&rsquo;une extension tr\u00e8s large du corps et des bras, presque allong\u00e9s, en avant et en arri\u00e8re, en raison du manque de longueur de coulissement du si\u00e8ge, \u00e0 une posture du corps plus droite gr\u00e2ce \u00e0 un coulissement du si\u00e8ge plus long tous les dix ans.<\/p>\t\t\t\t\t\t\t\t<\/div>\n\t\t\t\t<\/div>\n\t\t\t\t<\/div>\n\t\t\t\t<\/div>\n\t\t<div class=\"elementor-element elementor-element-37680156 e-con-full e-flex e-con e-parent\" data-id=\"37680156\" data-element_type=\"container\" data-e-type=\"container\" id=\"s3\">\n\t\t<div class=\"elementor-element elementor-element-7a717f42 e-con-full e-flex e-con e-child\" data-id=\"7a717f42\" data-element_type=\"container\" data-e-type=\"container\">\n\t\t\t\t<div class=\"elementor-element elementor-element-45fcb066 elementor-widget elementor-widget-heading\" data-id=\"45fcb066\" data-element_type=\"widget\" data-e-type=\"widget\" data-widget_type=\"heading.default\">\n\t\t\t\t<div class=\"elementor-widget-container\">\n\t\t\t\t\t<h2 class=\"elementor-heading-title elementor-size-default\">Les \u00e9tapes de l'AVC<\/h2>\t\t\t\t<\/div>\n\t\t\t\t<\/div>\n\t\t\t\t<div class=\"elementor-element elementor-element-3e858057 elementor-widget elementor-widget-text-editor\" data-id=\"3e858057\" data-element_type=\"widget\" data-e-type=\"widget\" data-widget_type=\"text-editor.default\">\n\t\t\t\t<div class=\"elementor-widget-container\">\n\t\t\t\t\t\t\t\t\t<ol><li>la traction, le d\u00e9placement du bateau vers l&rsquo;avant, la pression des avirons\/scultures dans l&rsquo;eau<\/li><li>la fin de la course, l&rsquo;extraction des rames\/scalles, les lames (partie \u00e0 l&rsquo;extr\u00e9mit\u00e9 des rames\/scalles)<\/li><li>la r\u00e9cup\u00e9ration, en glissant vers l&rsquo;avant pour revenir au d\u00e9but d&rsquo;une nouvelle nage (corps vers l&rsquo;avant, lames sorties et au-dessus de l&rsquo;eau)<\/li><li>et la prise, en plongeant les avirons\/\u00e9coles dans l&rsquo;eau. Ainsi, ces \u00e9tapes, le coup, n\u00e9cessitent de la mesure et de la ma\u00eetrise, de la souplesse et aussi de la pr\u00e9cision ainsi que de la puissance.<\/li><\/ol><p>Une op\u00e9ration de mise au point. <\/p><p>S. Fairburn, un entra\u00eeneur australien de l&rsquo;universit\u00e9 anglaise Christ Church de Cambridge, a \u00e9t\u00e9 le premier \u00e0 proposer cette th\u00e9orie de la flexibilit\u00e9 dans la nage d&rsquo;aviron. <\/p><p>Il est \u00e9galement l&rsquo;auteur du dicton \u00ab\u00a0les kilom\u00e8tres font les champions\u00a0\u00bb.<\/p><p>Karl Adam, c\u00e9l\u00e8bre entra\u00eeneur allemand, \u00e9tait \u00e9galement le promoteur d&rsquo;une technique d&rsquo;aviron propre, soign\u00e9e et efficace, bas\u00e9e sur les math\u00e9matiques.<\/p>\t\t\t\t\t\t\t\t<\/div>\n\t\t\t\t<\/div>\n\t\t\t\t<\/div>\n\t\t<div class=\"elementor-element elementor-element-141dcfa4 e-con-full e-flex e-con e-child\" data-id=\"141dcfa4\" data-element_type=\"container\" data-e-type=\"container\" data-settings=\"{&quot;background_background&quot;:&quot;classic&quot;}\">\n\t\t\t\t<\/div>\n\t\t\t\t<\/div>\n\t\t<div class=\"elementor-element elementor-element-6c8555d2 e-con-full e-flex e-con e-parent\" data-id=\"6c8555d2\" data-element_type=\"container\" data-e-type=\"container\" id=\"s4\">\n\t\t<div class=\"elementor-element elementor-element-76cc72ea e-con-full e-flex e-con e-child\" data-id=\"76cc72ea\" data-element_type=\"container\" data-e-type=\"container\" data-settings=\"{&quot;background_background&quot;:&quot;classic&quot;}\">\n\t\t\t\t<\/div>\n\t\t<div class=\"elementor-element elementor-element-126a94b5 e-con-full e-flex e-con e-child\" data-id=\"126a94b5\" data-element_type=\"container\" data-e-type=\"container\">\n\t\t\t\t<div class=\"elementor-element elementor-element-7ad70c89 elementor-widget elementor-widget-heading\" data-id=\"7ad70c89\" data-element_type=\"widget\" data-e-type=\"widget\" data-widget_type=\"heading.default\">\n\t\t\t\t<div class=\"elementor-widget-container\">\n\t\t\t\t\t<h2 class=\"elementor-heading-title elementor-size-default\">Equipement<\/h2>\t\t\t\t<\/div>\n\t\t\t\t<\/div>\n\t\t\t\t<div class=\"elementor-element elementor-element-6e4d1764 elementor-widget elementor-widget-text-editor\" data-id=\"6e4d1764\" data-element_type=\"widget\" data-e-type=\"widget\" data-widget_type=\"text-editor.default\">\n\t\t\t\t<div class=\"elementor-widget-container\">\n\t\t\t\t\t\t\t\t\t<p>Il y a 8 cat\u00e9gories de bateaux d&rsquo;aviron <\/p><p>3 sont appel\u00e9e \u00a0\u00bb en couple\u00a0\u00bb avec deux rames par rameur et 5 sont appel\u00e9es \u00ab\u00a0de pointe\u00a0\u00bb avec une rame par remeur per rower. <\/p><p>En \u00ab\u00a0couple\u00a0\u00bb, le \u00ab\u00a0skipp\u00a0\u00bb, bateau d&rsquo;un seul rameur, le \u00ab\u00a0deux de couple\u00a0\u00bb avec deux rameurs, et la godille quadruple, quatre rameurs. <\/p><p>En \u00ab\u00a0aviron de pointe\u00a0\u00bb : les deux sans barreur \u00e0 deux rameurs, le deux barr\u00e9 ou avec barreur, deux rameurs et un barreur, les quatre sans barreur et les quatre ou huit avec barreur. <\/p><p>Le dernier cit\u00e9 est toujours un bateau \u00e0 huit rameurs et un barreur, c&rsquo;est le \u00ab\u00a0roi\u00a0\u00bb des bateaux. <\/p><p>Il existe \u00e9galement dans certains pays des huit \u00ab\u00a0de couple\u00a0\u00bb pour les jeunes filles et gar\u00e7ons de moins de 15 ans, \u00e9galement appel\u00e9s octopulls &#8230; \u00e0 promouvoir !<\/p>\t\t\t\t\t\t\t\t<\/div>\n\t\t\t\t<\/div>\n\t\t\t\t<\/div>\n\t\t\t\t<\/div>\n\t\t<div class=\"elementor-element elementor-element-4e46257d e-con-full e-flex e-con e-parent\" data-id=\"4e46257d\" data-element_type=\"container\" data-e-type=\"container\" id=\"s5\">\n\t\t<div class=\"elementor-element elementor-element-32ddeaa7 e-con-full e-flex e-con e-child\" data-id=\"32ddeaa7\" data-element_type=\"container\" data-e-type=\"container\">\n\t\t\t\t<div class=\"elementor-element elementor-element-63c7c59c elementor-widget elementor-widget-heading\" data-id=\"63c7c59c\" data-element_type=\"widget\" data-e-type=\"widget\" data-widget_type=\"heading.default\">\n\t\t\t\t<div class=\"elementor-widget-container\">\n\t\t\t\t\t<h2 class=\"elementor-heading-title elementor-size-default\"><br><br>Cat\u00e9gories olympiques<br><\/h2>\t\t\t\t<\/div>\n\t\t\t\t<\/div>\n\t\t\t\t<div class=\"elementor-element elementor-element-3c37e1c3 elementor-widget elementor-widget-text-editor\" data-id=\"3c37e1c3\" data-element_type=\"widget\" data-e-type=\"widget\" data-widget_type=\"text-editor.default\">\n\t\t\t\t<div class=\"elementor-widget-container\">\n\t\t\t\t\t\t\t\t\t<ul>\n<li>Le \u00ab\u00a0skiff\u00a0\u00bb<\/li>\n<li>Double (deux de couple)<\/li>\n<li>Les doubles poids l\u00e9gers (rameurs de 70kg +\/-)<\/li>\n<li>Le deux sans barreur<\/li>\n<li>Le quatre de couple<\/li>\n<li>Le quatre sans barreur<\/li>\n<li>le quatre sans barreur poids l\u00e9ger<\/li>\n<li>Huit<\/li>\n<\/ul><div><br><\/div><div><br><\/div>\t\t\t\t\t\t\t\t<\/div>\n\t\t\t\t<\/div>\n\t\t\t\t<\/div>\n\t\t<div class=\"elementor-element elementor-element-2e7293d6 e-con-full e-flex e-con e-child\" data-id=\"2e7293d6\" data-element_type=\"container\" data-e-type=\"container\" data-settings=\"{&quot;background_background&quot;:&quot;classic&quot;}\">\n\t\t\t\t<\/div>\n\t\t\t\t<\/div>\n\t\t<div class=\"elementor-element elementor-element-7952f337 e-con-full e-flex e-con e-parent\" data-id=\"7952f337\" data-element_type=\"container\" data-e-type=\"container\" id=\"s6\">\n\t\t<div class=\"elementor-element elementor-element-a965f94 e-con-full e-flex e-con e-child\" data-id=\"a965f94\" data-element_type=\"container\" data-e-type=\"container\" data-settings=\"{&quot;background_background&quot;:&quot;classic&quot;}\">\n\t\t\t\t<\/div>\n\t\t<div class=\"elementor-element elementor-element-1e1e18dc e-con-full e-flex e-con e-child\" data-id=\"1e1e18dc\" data-element_type=\"container\" data-e-type=\"container\">\n\t\t\t\t<div class=\"elementor-element elementor-element-785d001e elementor-widget elementor-widget-heading\" data-id=\"785d001e\" data-element_type=\"widget\" data-e-type=\"widget\" data-widget_type=\"heading.default\">\n\t\t\t\t<div class=\"elementor-widget-container\">\n\t\t\t\t\t<h2 class=\"elementor-heading-title elementor-size-default\">Course<\/h2>\t\t\t\t<\/div>\n\t\t\t\t<\/div>\n\t\t\t\t<div class=\"elementor-element elementor-element-d322ff4 elementor-widget elementor-widget-text-editor\" data-id=\"d322ff4\" data-element_type=\"widget\" data-e-type=\"widget\" data-widget_type=\"text-editor.default\">\n\t\t\t\t<div class=\"elementor-widget-container\">\n\t\t\t\t\t\t\t\t\t<p>Les courses et comp\u00e9titions se d\u00e9roulent sur une distance de 2 000 m\u00e8tres pour les r\u00e9gates olympiques et internationales. <\/p><p>Les courses pour les jeunes rameurs de moins de 16 ans se d\u00e9roulent sur 1000 m\u00e8tres pour les \u00a0\u00bb masters \u00ab\u00a0, rameurs de plus de 27 ans. <\/p><p>Il y a aussi en hiver des \u00ab\u00a0t\u00eates de rivi\u00e8re\u00a0\u00bb sur des distances plus longues, de plus de kilom\u00e8tres. <\/p><p>La course Oxford-Cambridge se d\u00e9roule sur 4 miles et 250 yards, par exemple. <\/p><p>Enfin, il y a aussi les courses de sprint sur 500 ou 1000 m\u00e8tres. Il existe \u00e9galement des \u00ab\u00a0rencontres de balade \u00e0 la rame\u00a0\u00bb dont la distance n&rsquo;est pas obligatoire ni r\u00e8glement\u00e9e et d\u00e9pend de l&rsquo;int\u00e9r\u00eat touristique du chemin.<\/p><p>La f\u00e9d\u00e9ration internationale d&rsquo;aviron s&rsquo;occupe du calendrier international des courses internationales&#8230; \u00e0 consulter ici = <a href=\"https:\/\/worldrowing.com\/\" target=\"_blank\" rel=\"noopener\">https:\/\/worldrowing.com\/<\/a><\/p>\t\t\t\t\t\t\t\t<\/div>\n\t\t\t\t<\/div>\n\t\t\t\t<\/div>\n\t\t\t\t<\/div>\n\t\t<div class=\"elementor-element elementor-element-7ab07e2b e-con-full e-flex e-con e-parent\" data-id=\"7ab07e2b\" data-element_type=\"container\" data-e-type=\"container\">\n\t\t<div class=\"elementor-element elementor-element-46058c30 e-con-full e-flex e-con e-child\" data-id=\"46058c30\" data-element_type=\"container\" data-e-type=\"container\">\n\t\t\t\t<div class=\"elementor-element elementor-element-414ac0d elementor-widget elementor-widget-heading\" data-id=\"414ac0d\" data-element_type=\"widget\" data-e-type=\"widget\" data-widget_type=\"heading.default\">\n\t\t\t\t<div class=\"elementor-widget-container\">\n\t\t\t\t\t<h2 class=\"elementor-heading-title elementor-size-default\">Pr\u00eat \u00e0 commencer ? Rejoignez-nous maintenant !<\/h2>\t\t\t\t<\/div>\n\t\t\t\t<\/div>\n\t\t\t\t<\/div>\n\t\t<div class=\"elementor-element elementor-element-a205b1f e-con-full e-flex e-con e-child\" data-id=\"a205b1f\" data-element_type=\"container\" data-e-type=\"container\">\n\t\t\t\t<div class=\"elementor-element elementor-element-26f524b1 elementor-widget elementor-widget-heading\" data-id=\"26f524b1\" data-element_type=\"widget\" data-e-type=\"widget\" data-widget_type=\"heading.default\">\n\t\t\t\t<div class=\"elementor-widget-container\">\n\t\t\t\t\t<h2 class=\"elementor-heading-title elementor-size-default\">Remplissez le formulaire et renvoyez-le nous.<\/h2>\t\t\t\t<\/div>\n\t\t\t\t<\/div>\n\t\t\t\t<div class=\"elementor-element elementor-element-55ecf663 elementor-widget elementor-widget-button\" data-id=\"55ecf663\" data-element_type=\"widget\" data-e-type=\"widget\" data-widget_type=\"button.default\">\n\t\t\t\t<div class=\"elementor-widget-container\">\n\t\t\t\t\t\t\t\t\t<div class=\"elementor-button-wrapper\">\n\t\t\t\t\t<a class=\"elementor-button elementor-button-link elementor-size-sm\" href=\"https:\/\/surfrowing.be\/wp-content\/uploads\/2023\/12\/Registration-Form.pdf\" target=\"_blank\">\n\t\t\t\t\t\t<span class=\"elementor-button-content-wrapper\">\n\t\t\t\t\t\t\t\t\t<span class=\"elementor-button-text\">S'inscrire maintenant &gt;<\/span>\n\t\t\t\t\t<\/span>\n\t\t\t\t\t<\/a>\n\t\t\t\t<\/div>\n\t\t\t\t\t\t\t\t<\/div>\n\t\t\t\t<\/div>\n\t\t<div class=\"elementor-element elementor-element-736904a e-flex e-con-boxed e-con e-child\" data-id=\"736904a\" data-element_type=\"container\" data-e-type=\"container\">\n\t\t\t\t\t<div class=\"e-con-inner\">\n\t\t\t\t<div class=\"elementor-element elementor-element-c435435 elementor-widget elementor-widget-text-editor\" data-id=\"c435435\" data-element_type=\"widget\" data-e-type=\"widget\" data-widget_type=\"text-editor.default\">\n\t\t\t\t<div class=\"elementor-widget-container\">\n\t\t\t\t\t\t\t\t\t<p>Si tu veux faire de l&rsquo;aviron, ramer \u00e0 Bruxelles, si tu arrives de l&rsquo;\u00e9tranger et veux faire du sport \u00e0 Grimbergen, faire de l&rsquo;aviron \u00e0 Grimbergen, tu es a la bonne adresse.<\/p><p>Faire de l&rsquo;aviron \u00e0 Bruxelles, c&rsquo;est mieux dans la p\u00e9riph\u00e9rie dans une environnement champ\u00eatre, \u00e0 juste 10 km du centre &#8230; faire de l&rsquo;aviron pr\u00e8s de Bruxelles en Brabant Flamand, c&rsquo;est chez nous !<\/p>\t\t\t\t\t\t\t\t<\/div>\n\t\t\t\t<\/div>\n\t\t\t\t\t<\/div>\n\t\t\t\t<\/div>\n\t\t\t\t<\/div>\n\t\t\t\t<\/div>\n\t\t<div class=\"elementor-element elementor-element-45c5ec1 e-flex e-con-boxed e-con e-parent\" data-id=\"45c5ec1\" data-element_type=\"container\" data-e-type=\"container\">\n\t\t\t\t\t<div class=\"e-con-inner\">\n\t\t\t\t\t<\/div>\n\t\t\t\t<\/div>\n\t\t<div class=\"elementor-element elementor-element-2d10980 e-flex e-con-boxed e-con e-parent\" data-id=\"2d10980\" data-element_type=\"container\" data-e-type=\"container\">\n\t\t\t\t\t<div class=\"e-con-inner\">\n\t\t\t\t<div class=\"elementor-element elementor-element-73291ff elementor-widget elementor-widget-image\" data-id=\"73291ff\" data-element_type=\"widget\" data-e-type=\"widget\" data-widget_type=\"image.default\">\n\t\t\t\t<div class=\"elementor-widget-container\">\n\t\t\t\t\t\t\t\t\t\t\t\t\t\t\t<img fetchpriority=\"high\" decoding=\"async\" width=\"800\" height=\"320\" src=\"https:\/\/surfrowing.be\/wp-content\/uploads\/2024\/01\/bandeau-fin-de-page-4-light.png\" class=\"attachment-large size-large wp-image-760\" alt=\"L&#039;aviron\" srcset=\"https:\/\/surfrowing.be\/wp-content\/uploads\/2024\/01\/bandeau-fin-de-page-4-light.png 905w, https:\/\/surfrowing.be\/wp-content\/uploads\/2024\/01\/bandeau-fin-de-page-4-light-300x120.png 300w, https:\/\/surfrowing.be\/wp-content\/uploads\/2024\/01\/bandeau-fin-de-page-4-light-768x307.png 768w\" sizes=\"(max-width: 800px) 100vw, 800px\" \/>\t\t\t\t\t\t\t\t\t\t\t\t\t\t\t<\/div>\n\t\t\t\t<\/div>\n\t\t\t\t\t<\/div>\n\t\t\t\t<\/div>\n\t\t\t\t<\/div>\n\t\t","protected":false},"excerpt":{"rendered":"<p>l&rsquo;Aviron Histoire de l&rsquo;aviron L&rsquo;aviron est le meilleur sport au monde, tellement b\u00e9n\u00e9fique pour votre sant\u00e9. De tout temps, les hommes ont navigu\u00e9 sur les voies d&rsquo;eau, les fleuves ou la mer. Pendant des si\u00e8cles, les \u00c9gyptiens, les Grecs et les Ph\u00e9niciens ont utilis\u00e9 la force des bras pour d\u00e9placer leurs bateaux avant d&rsquo;utiliser le [&hellip;]<\/p>\n","protected":false},"author":1,"featured_media":0,"parent":0,"menu_order":0,"comment_status":"closed","ping_status":"closed","template":"","meta":{"footnotes":""},"class_list":["post-416","page","type-page","status-publish","hentry"],"_links":{"self":[{"href":"https:\/\/surfrowing.be\/fr\/wp-json\/wp\/v2\/pages\/416","targetHints":{"allow":["GET"]}}],"collection":[{"href":"https:\/\/surfrowing.be\/fr\/wp-json\/wp\/v2\/pages"}],"about":[{"href":"https:\/\/surfrowing.be\/fr\/wp-json\/wp\/v2\/types\/page"}],"author":[{"embeddable":true,"href":"https:\/\/surfrowing.be\/fr\/wp-json\/wp\/v2\/users\/1"}],"replies":[{"embeddable":true,"href":"https:\/\/surfrowing.be\/fr\/wp-json\/wp\/v2\/comments?post=416"}],"version-history":[{"count":35,"href":"https:\/\/surfrowing.be\/fr\/wp-json\/wp\/v2\/pages\/416\/revisions"}],"predecessor-version":[{"id":1254,"href":"https:\/\/surfrowing.be\/fr\/wp-json\/wp\/v2\/pages\/416\/revisions\/1254"}],"wp:attachment":[{"href":"https:\/\/surfrowing.be\/fr\/wp-json\/wp\/v2\/media?parent=416"}],"curies":[{"name":"wp","href":"https:\/\/api.w.org\/{rel}","templated":true}]}}